{"id":1126,"date":"2021-05-05T15:28:03","date_gmt":"2021-05-05T15:28:03","guid":{"rendered":"https:\/\/clarafruehstueck.com\/?page_id=1126"},"modified":"2021-05-05T15:28:03","modified_gmt":"2021-05-05T15:28:03","slug":"team-2","status":"publish","type":"page","link":"https:\/\/clarafruehstueck.com\/en\/team-2\/","title":{"rendered":"Team"},"content":{"rendered":"<div>We came from nothing<\/div>\n<h1>K\u00fcnstlerische Partner_innen<\/h1>\n<div>\n<p><img decoding=\"async\" src=\"\/wp-content\/uploads\/2021\/02\/DSCF0996-scaled.jpg\" alt=\"\" \/><\/p>\n<h2>Oliver Welter<\/h2>\n<p>Komponist \/ S\u00e4nger \/ Naked Lunch<\/p>\n<div>\n<p>Die Winterreise<\/p>\n<\/div>\n<\/div>\n<div>\n<p><img decoding=\"async\" src=\"\/wp-content\/uploads\/2020\/12\/image0-scaled.jpeg\" alt=\"\" \/><\/p>\n<h2>Samuel Schaab<\/h2>\n<p>Bildende Kunst \/ Elektronik \/ Licht<\/p>\n<div>\n<p>Raue Einstellungsbilder, Unravel Positions, Prepared Beethoven<\/p>\n<\/div>\n<p><a href=\"http:\/\/samuelschaabfrequenz.com\">Watch his work<\/a><\/p>\n<\/div>\n<div>\n<p><img decoding=\"async\" src=\"\/wp-content\/uploads\/2021\/02\/20191124_19_31_12_WienModern_LandoftheFlatsWilfingJorge-10.jpg\" alt=\"https:\/\/vimeo.com\/416098235\" \/><\/p>\n<h2>Brigitte Wilfing<\/h2>\n<p>Performance \/ Choreographie \/ Tanz<\/p>\n<div>\n<p>Schwarzer Pilot unravel_positions<\/p>\n<p>Zusammenarbeit bei &#8220;Land of the Flats&#8221; von Brigitte Wilfing &amp; Jorge Sanchez Chiong<\/p>\n<\/div>\n<p><a href=\"https:\/\/vimeo.com\/416098235\">Watch this video<\/a><\/p>\n<\/div>\n<div>\n<p><img decoding=\"async\" src=\"\/wp-content\/uploads\/2021\/02\/IMG_2046_regina_laschan-scaled.jpg\" alt=\"\" \/><\/p>\n<h2>Ferdinand Schmalz (Matthias Schweiger)<\/h2>\n<p>Dramatiker \/ Autor<\/p>\n<div>\n<p>Fr\u00fchst\u00fcck mit Schmalz<\/p>\n<\/div>\n<p><a href=\"http:\/\/www.dieschmalzette.at\/\">die schmalzette<\/a><\/p>\n<\/div>\n<div>\n<p><img decoding=\"async\" src=\"\/wp-content\/uploads\/2021\/02\/Maria-Sawerthal-c-Pia-Clodi-300.jpg\" alt=\"\" \/><\/p>\n<h2>Maria Sawerthal<\/h2>\n<p>Violine<\/p>\n<div>\n<p>Trio Fr\u00fchst\u00fcck<\/p>\n<\/div>\n<p><a href=\"http:\/\/triofruehstueck.com\/maria\">TRIO FR\u00dcHST\u00dcCK<\/a><\/p>\n<\/div>\n<div>\n<p><img decoding=\"async\" src=\"\/wp-content\/uploads\/2021\/02\/Sophie-Abrahan-c-Julia-Wesely-300.jpg\" alt=\"\" \/><\/p>\n<h2>Sophie Abraham<\/h2>\n<p>Cellistin \/ Komponistin<\/p>\n<div>\n<p>Trio Fr\u00fchst\u00fcck<\/p>\n<p>&nbsp;<\/p>\n<\/div>\n<p><a href=\"https:\/\/www.sophie-abraham.com\/\">Home<\/a><\/p>\n<\/div>\n<div>\n<p><img decoding=\"async\" src=\"\/wp-content\/uploads\/2020\/12\/franzikreis_07-scaled.jpg\" alt=\"\" \/><\/p>\n<h2>Tobias Leibetseder<\/h2>\n<p>Komponist \/ Elektronikk\u00fcnstler<\/p>\n<div>\n<p>Zusammenarbeit bei &#8220;Melo, my Love&#8221;<\/p>\n<p>&amp; Oh Magic (Simon Mayer)<\/p>\n<\/div>\n<p><a href=\"http:\/\/www.tobiasleibetseder.at\/\">HOME<\/a><\/p>\n<\/div>\n<div>\n<p><img decoding=\"async\" src=\"\/wp-content\/uploads\/2020\/12\/franzikreis_08-scaled.jpg\" alt=\"\" \/><\/p>\n<h2>Fritz Ostermayer<\/h2>\n<p>Autor \/ DJ \/ Musiker<\/p>\n<div>\n<p>Zusammenarbeit bei &#8220;Melo, my Love&#8221;<\/p>\n<\/div>\n<p><a href=\"https:\/\/sfd.at\">Schule f\u00fcr Dichtung<\/a><\/p>\n<\/div>\n<p><!-- {\"name\":\"About\",\"type\":\"layout\",\"children\":[{\"name\":\"Band Members\",\"type\":\"section\",\"props\":{\"width\":\"default\",\"padding\":\"large\",\"style\":\"secondary\",\"padding_remove_top\":false,\"image_size\":\"cover\",\"image_position\":\"top-center\",\"header_transparent\":\"light\",\"image\":\"\",\"image_fixed\":false,\"image_visibility\":\"m\",\"class\":\"\",\"vertical_align\":\"middle\",\"title_position\":\"top-left\",\"title_rotation\":\"left\",\"title_breakpoint\":\"xl\",\"image_width\":\"2560\",\"text_color\":\"light\"},\"children\":[{\"name\":\"\",\"type\":\"row\",\"props\":{\"margin\":\"xlarge\"},\"children\":[{\"name\":\"\",\"type\":\"column\",\"props\":{\"image_position\":\"center-center\",\"media_overlay_gradient\":\"\",\"width_medium\":\"1-1\"},\"children\":[{\"name\":\"\",\"type\":\"headline\",\"props\":{\"title_element\":\"div\",\"content\":\"We came from nothing\",\"title_style\":\"h6\",\"text_align\":\"center\"}},{\"name\":\"\",\"type\":\"headline\",\"props\":{\"title_element\":\"h1\",\"content\":\"K\\u00fcnstlerische Partner_innen\",\"title_style\":\"heading-medium\",\"text_align\":\"center\"}}]}]},{\"name\":\"\",\"type\":\"row\",\"props\":{\"margin\":\"large\",\"divider\":false,\"width\":\"small\"},\"children\":[{\"name\":\"\",\"type\":\"column\",\"props\":{\"image_position\":\"center-center\",\"media_overlay_gradient\":\"\",\"width_medium\":\"1-1\"},\"children\":[]}]},{\"name\":\"\",\"type\":\"row\",\"props\":{\"margin\":\"large\",\"divider\":false,\"width\":\"small\"},\"children\":[{\"name\":\"\",\"type\":\"column\",\"props\":{\"image_position\":\"center-center\",\"media_overlay_gradient\":\"\",\"width_medium\":\"1-1\"},\"children\":[{\"name\":\"\",\"type\":\"divider\",\"props\":{\"divider_element\":\"div\",\"divider_style\":\"\"}},{\"name\":\"\",\"type\":\"panel\",\"props\":{\"link_text\":\"Watch this video\",\"title_element\":\"h2\",\"meta_style\":\"h6\",\"meta_align\":\"below-title\",\"image_align\":\"right\",\"image_grid_width\":\"1-3\",\"link_style\":\"secondary\",\"margin\":\"large\",\"title\":\"Oliver Welter \",\"meta\":\"Komponist \\\/ S\\u00e4nger \\\/ Naked Lunch\",\"image\":\"wp-content\\\/uploads\\\/2021\\\/02\\\/DSCF0996-scaled.jpg\",\"link\":\"\",\"content\":\"Die Winterreise<\\\/p>\",\"title_style\":\"heading-small\",\"meta_margin\":\"small\",\"image_box_shadow\":\"large\",\"image_vertical_align\":true,\"text_align\":\"left\",\"text_align_breakpoint\":\"m\",\"text_align_fallback\":\"center\",\"image_svg_color\":\"emphasis\",\"title_hover_style\":\"reset\",\"title_align\":\"top\",\"title_grid_width\":\"1-2\",\"title_grid_breakpoint\":\"m\",\"image_grid_column_gap\":\"large\",\"image_grid_row_gap\":\"large\",\"image_grid_breakpoint\":\"m\",\"icon_width\":80,\"meta_element\":\"div\",\"content_column_breakpoint\":\"m\"}}]}]},{\"name\":\"\",\"type\":\"row\",\"props\":{\"margin\":\"large\",\"divider\":false,\"width\":\"small\"},\"children\":[{\"name\":\"\",\"type\":\"column\",\"props\":{\"image_position\":\"center-center\",\"media_overlay_gradient\":\"\",\"width_medium\":\"1-1\"},\"children\":[{\"name\":\"\",\"type\":\"divider\",\"props\":{\"divider_element\":\"div\",\"divider_style\":\"\"}},{\"name\":\"\",\"type\":\"panel\",\"props\":{\"link_text\":\"Watch his work\",\"title_element\":\"h2\",\"meta_style\":\"h6\",\"meta_align\":\"below-title\",\"image_align\":\"left\",\"image_grid_width\":\"1-3\",\"link_style\":\"secondary\",\"margin\":\"large\",\"title\":\"Samuel Schaab \",\"meta\":\"Bildende Kunst \\\/ Elektronik \\\/ Licht \",\"image\":\"wp-content\\\/uploads\\\/2020\\\/12\\\/image0-scaled.jpeg\",\"link\":\"http:\\\/\\\/samuelschaabfrequenz.com\",\"content\":\"Raue Einstellungsbilder, Unravel Positions, Prepared Beethoven<\\\/p>\",\"title_style\":\"heading-small\",\"meta_margin\":\"small\",\"image_box_shadow\":\"large\",\"image_vertical_align\":true,\"text_align\":\"left\",\"text_align_breakpoint\":\"m\",\"text_align_fallback\":\"center\",\"image_svg_color\":\"emphasis\",\"title_hover_style\":\"reset\",\"title_align\":\"top\",\"title_grid_width\":\"1-2\",\"title_grid_breakpoint\":\"m\",\"image_grid_column_gap\":\"large\",\"image_grid_row_gap\":\"large\",\"image_grid_breakpoint\":\"m\",\"icon_width\":80,\"meta_element\":\"div\",\"content_column_breakpoint\":\"m\",\"link_target\":true}},{\"name\":\"\",\"type\":\"divider\",\"props\":{\"divider_element\":\"div\",\"divider_style\":\"\",\"margin_remove_top\":false,\"margin_remove_bottom\":false}},{\"name\":\"\",\"type\":\"panel\",\"props\":{\"link_text\":\"Watch this video\",\"title_element\":\"h2\",\"meta_style\":\"h6\",\"meta_align\":\"below-title\",\"image_align\":\"right\",\"image_grid_width\":\"1-3\",\"link_style\":\"secondary\",\"margin\":\"large\",\"title\":\"Brigitte Wilfing\",\"meta\":\"Performance \\\/ Choreographie \\\/ Tanz\",\"image\":\"wp-content\\\/uploads\\\/2021\\\/02\\\/20191124_19_31_12_WienModern_LandoftheFlatsWilfingJorge-10.jpg\",\"link\":\"https:\\\/\\\/vimeo.com\\\/416098235\",\"content\":\"Schwarzer Pilot unravel_positions\\u00a0<\\\/p>\\nZusammenarbeit bei \\\"Land of the Flats\\\" von Brigitte Wilfing &amp; Jorge Sanchez Chiong<\\\/p>\",\"title_style\":\"heading-small\",\"meta_margin\":\"small\",\"image_box_shadow\":\"large\",\"image_vertical_align\":true,\"text_align\":\"left\",\"text_align_breakpoint\":\"m\",\"text_align_fallback\":\"center\",\"image_svg_color\":\"emphasis\",\"title_hover_style\":\"reset\",\"title_align\":\"top\",\"title_grid_width\":\"1-2\",\"title_grid_breakpoint\":\"m\",\"image_grid_column_gap\":\"large\",\"image_grid_row_gap\":\"large\",\"image_grid_breakpoint\":\"m\",\"icon_width\":80,\"meta_element\":\"div\",\"content_column_breakpoint\":\"m\",\"image_alt\":\"https:\\\/\\\/vimeo.com\\\/416098235\",\"link_target\":true}},{\"name\":\"\",\"type\":\"divider\",\"props\":{\"divider_element\":\"div\",\"divider_style\":\"\"}},{\"name\":\"\",\"type\":\"panel\",\"props\":{\"link_text\":\"die schmalzette\",\"title_element\":\"h2\",\"meta_style\":\"h6\",\"meta_align\":\"below-title\",\"image_align\":\"left\",\"image_grid_width\":\"1-3\",\"link_style\":\"secondary\",\"margin\":\"large\",\"title\":\"Ferdinand Schmalz (Matthias Schweiger)\",\"meta\":\"Dramatiker \\\/ Autor \",\"image\":\"wp-content\\\/uploads\\\/2021\\\/02\\\/IMG_2046_regina_laschan-scaled.jpg\",\"link\":\"http:\\\/\\\/www.dieschmalzette.at\\\/\",\"content\":\"Fr\\u00fchst\\u00fcck mit Schmalz<\\\/p>\",\"title_style\":\"heading-small\",\"meta_margin\":\"small\",\"image_box_shadow\":\"large\",\"image_vertical_align\":true,\"text_align\":\"left\",\"text_align_breakpoint\":\"m\",\"text_align_fallback\":\"center\",\"image_svg_color\":\"emphasis\",\"title_hover_style\":\"reset\",\"title_align\":\"top\",\"title_grid_width\":\"1-2\",\"title_grid_breakpoint\":\"m\",\"image_grid_column_gap\":\"large\",\"image_grid_row_gap\":\"large\",\"image_grid_breakpoint\":\"m\",\"icon_width\":80,\"meta_element\":\"div\",\"content_column_breakpoint\":\"m\",\"link_target\":true}},{\"name\":\"\",\"type\":\"divider\",\"props\":{\"divider_element\":\"div\",\"divider_style\":\"\",\"margin_remove_top\":false,\"margin_remove_bottom\":false}},{\"name\":\"\",\"type\":\"panel\",\"props\":{\"link_text\":\"TRIO FR\\u00dcHST\\u00dcCK\",\"title_element\":\"h2\",\"meta_style\":\"h6\",\"meta_align\":\"below-title\",\"image_align\":\"right\",\"image_grid_width\":\"1-3\",\"link_style\":\"secondary\",\"margin\":\"large\",\"title\":\"Maria Sawerthal\",\"meta\":\"Violine\",\"image\":\"wp-content\\\/uploads\\\/2021\\\/02\\\/Maria-Sawerthal-c-Pia-Clodi-300.jpg\",\"link\":\"http:\\\/\\\/triofruehstueck.com\\\/maria\",\"content\":\"Trio Fr\\u00fchst\\u00fcck<\\\/p>\",\"title_style\":\"heading-small\",\"meta_margin\":\"small\",\"image_box_shadow\":\"large\",\"image_vertical_align\":true,\"text_align\":\"left\",\"text_align_breakpoint\":\"m\",\"text_align_fallback\":\"center\",\"image_svg_color\":\"emphasis\",\"title_hover_style\":\"reset\",\"title_align\":\"top\",\"title_grid_width\":\"1-2\",\"title_grid_breakpoint\":\"m\",\"image_grid_column_gap\":\"large\",\"image_grid_row_gap\":\"large\",\"image_grid_breakpoint\":\"m\",\"icon_width\":80,\"meta_element\":\"div\",\"content_column_breakpoint\":\"m\",\"image_alt\":\"\",\"link_target\":true}},{\"name\":\"\",\"type\":\"divider\",\"props\":{\"divider_element\":\"div\",\"divider_style\":\"\"}},{\"name\":\"\",\"type\":\"panel\",\"props\":{\"link_text\":\"Home\",\"title_element\":\"h2\",\"meta_style\":\"h6\",\"meta_align\":\"below-title\",\"image_align\":\"left\",\"image_grid_width\":\"1-3\",\"link_style\":\"secondary\",\"margin\":\"large\",\"title\":\"Sophie Abraham\",\"meta\":\"Cellistin \\\/ Komponistin \",\"image\":\"wp-content\\\/uploads\\\/2021\\\/02\\\/Sophie-Abrahan-c-Julia-Wesely-300.jpg\",\"link\":\"https:\\\/\\\/www.sophie-abraham.com\\\/\",\"content\":\"Trio Fr\\u00fchst\\u00fcck<\\\/p>\\n\\u00a0<\\\/p>\",\"title_style\":\"heading-small\",\"meta_margin\":\"small\",\"image_box_shadow\":\"large\",\"image_vertical_align\":true,\"text_align\":\"left\",\"text_align_breakpoint\":\"m\",\"text_align_fallback\":\"center\",\"image_svg_color\":\"emphasis\",\"title_hover_style\":\"reset\",\"title_align\":\"top\",\"title_grid_width\":\"1-2\",\"title_grid_breakpoint\":\"m\",\"image_grid_column_gap\":\"large\",\"image_grid_row_gap\":\"large\",\"image_grid_breakpoint\":\"m\",\"icon_width\":80,\"meta_element\":\"div\",\"content_column_breakpoint\":\"m\",\"link_target\":true}},{\"name\":\"\",\"type\":\"divider\",\"props\":{\"divider_element\":\"div\",\"divider_style\":\"\",\"margin_remove_top\":false,\"margin_remove_bottom\":false}},{\"name\":\"\",\"type\":\"panel\",\"props\":{\"link_text\":\"HOME\",\"title_element\":\"h2\",\"meta_style\":\"h6\",\"meta_align\":\"below-title\",\"image_align\":\"right\",\"image_grid_width\":\"1-3\",\"link_style\":\"secondary\",\"margin\":\"large\",\"title\":\"Tobias Leibetseder\",\"meta\":\"Komponist \\\/ Elektronikk\\u00fcnstler\",\"image\":\"wp-content\\\/uploads\\\/2020\\\/12\\\/franzikreis_07-scaled.jpg\",\"link\":\"http:\\\/\\\/www.tobiasleibetseder.at\\\/\",\"content\":\"Zusammenarbeit bei \\\"Melo, my Love\\\"<\\\/p>\\n&amp; Oh Magic (Simon Mayer)<\\\/p>\",\"title_style\":\"heading-small\",\"meta_margin\":\"small\",\"image_box_shadow\":\"large\",\"image_vertical_align\":true,\"text_align\":\"left\",\"text_align_breakpoint\":\"m\",\"text_align_fallback\":\"center\",\"image_svg_color\":\"emphasis\",\"title_hover_style\":\"reset\",\"title_align\":\"top\",\"title_grid_width\":\"1-2\",\"title_grid_breakpoint\":\"m\",\"image_grid_column_gap\":\"large\",\"image_grid_row_gap\":\"large\",\"image_grid_breakpoint\":\"m\",\"icon_width\":80,\"meta_element\":\"div\",\"content_column_breakpoint\":\"m\",\"image_alt\":\"\",\"link_target\":true}},{\"name\":\"\",\"type\":\"divider\",\"props\":{\"divider_element\":\"div\",\"divider_style\":\"\"}},{\"name\":\"\",\"type\":\"panel\",\"props\":{\"link_text\":\"Schule f\\u00fcr Dichtung\",\"title_element\":\"h2\",\"meta_style\":\"h6\",\"meta_align\":\"below-title\",\"image_align\":\"left\",\"image_grid_width\":\"1-3\",\"link_style\":\"secondary\",\"margin\":\"large\",\"title\":\"Fritz Ostermayer\",\"meta\":\"Autor \\\/ DJ \\\/ Musiker\",\"image\":\"wp-content\\\/uploads\\\/2020\\\/12\\\/franzikreis_08-scaled.jpg\",\"link\":\"https:\\\/\\\/sfd.at\",\"content\":\"Zusammenarbeit bei \\\"Melo, my Love\\\"<\\\/p>\",\"title_style\":\"heading-small\",\"meta_margin\":\"small\",\"image_box_shadow\":\"large\",\"image_vertical_align\":true,\"text_align\":\"left\",\"text_align_breakpoint\":\"m\",\"text_align_fallback\":\"center\",\"image_svg_color\":\"emphasis\",\"title_hover_style\":\"reset\",\"title_align\":\"top\",\"title_grid_width\":\"1-2\",\"title_grid_breakpoint\":\"m\",\"image_grid_column_gap\":\"large\",\"image_grid_row_gap\":\"large\",\"image_grid_breakpoint\":\"m\",\"icon_width\":80,\"meta_element\":\"div\",\"content_column_breakpoint\":\"m\",\"link_target\":true}}]}]}]}],\"version\":\"2.3.16\"} --><\/p>\n","protected":false},"excerpt":{"rendered":"<p>We came from nothing K\u00fcnstlerische Partner_innen Oliver Welter Komponist \/ S\u00e4nger \/ Naked Lunch Die Winterreise Samuel Schaab Bildende Kunst \/ Elektronik \/ Licht Raue Einstellungsbilder, Unravel Positions, Prepared Beethoven Watch his work Brigitte Wilfing Performance \/ Choreographie \/ Tanz Schwarzer Pilot unravel_positions Zusammenarbeit bei &#8220;Land of the Flats&#8221; von Brigitte Wilfing &amp; Jorge Sanchez [&hellip;]<\/p>\n","protected":false},"author":1,"featured_media":0,"parent":0,"menu_order":1,"comment_status":"closed","ping_status":"closed","template":"","meta":{"_acf_changed":false,"footnotes":""},"class_list":["post-1126","page","type-page","status-publish","hentry"],"acf":[],"yoast_head":"<!-- This site is optimized with the Yoast SEO plugin v27.3 - https:\/\/yoast.com\/product\/yoast-seo-wordpress\/ -->\n<title>Team - CLARA FR\u00dcHST\u00dcCK<\/title>\n<meta name=\"robots\" content=\"index, follow, max-snippet:-1, max-image-preview:large, max-video-preview:-1\" \/>\n<link rel=\"canonical\" href=\"https:\/\/clarafruehstueck.com\/en\/team-2\/\" \/>\n<meta property=\"og:locale\" content=\"en_US\" \/>\n<meta property=\"og:type\" content=\"article\" \/>\n<meta property=\"og:title\" content=\"Team - CLARA FR\u00dcHST\u00dcCK\" \/>\n<meta property=\"og:description\" content=\"We came from nothing K\u00fcnstlerische Partner_innen Oliver Welter Komponist \/ S\u00e4nger \/ Naked Lunch Die Winterreise Samuel Schaab Bildende Kunst \/ Elektronik \/ Licht Raue Einstellungsbilder, Unravel Positions, Prepared Beethoven Watch his work Brigitte Wilfing Performance \/ Choreographie \/ Tanz Schwarzer Pilot unravel_positions Zusammenarbeit bei &#8220;Land of the Flats&#8221; von Brigitte Wilfing &amp; Jorge Sanchez [&hellip;]\" \/>\n<meta property=\"og:url\" content=\"https:\/\/clarafruehstueck.com\/en\/team-2\/\" \/>\n<meta property=\"og:site_name\" content=\"CLARA FR\u00dcHST\u00dcCK\" \/>\n<meta name=\"twitter:card\" content=\"summary_large_image\" \/>\n<meta name=\"twitter:label1\" content=\"Est. reading time\" \/>\n\t<meta name=\"twitter:data1\" content=\"3 minutes\" \/>\n<script type=\"application\/ld+json\" class=\"yoast-schema-graph\">{\"@context\":\"https:\\\/\\\/schema.org\",\"@graph\":[{\"@type\":\"WebPage\",\"@id\":\"https:\\\/\\\/clarafruehstueck.com\\\/en\\\/team-2\\\/\",\"url\":\"https:\\\/\\\/clarafruehstueck.com\\\/en\\\/team-2\\\/\",\"name\":\"Team - CLARA FR\u00dcHST\u00dcCK\",\"isPartOf\":{\"@id\":\"https:\\\/\\\/clarafruehstueck.com\\\/#website\"},\"datePublished\":\"2021-05-05T15:28:03+00:00\",\"breadcrumb\":{\"@id\":\"https:\\\/\\\/clarafruehstueck.com\\\/en\\\/team-2\\\/#breadcrumb\"},\"inLanguage\":\"en-US\",\"potentialAction\":[{\"@type\":\"ReadAction\",\"target\":[\"https:\\\/\\\/clarafruehstueck.com\\\/en\\\/team-2\\\/\"]}]},{\"@type\":\"BreadcrumbList\",\"@id\":\"https:\\\/\\\/clarafruehstueck.com\\\/en\\\/team-2\\\/#breadcrumb\",\"itemListElement\":[{\"@type\":\"ListItem\",\"position\":1,\"name\":\"Home\",\"item\":\"https:\\\/\\\/clarafruehstueck.com\\\/en\\\/\"},{\"@type\":\"ListItem\",\"position\":2,\"name\":\"Team\"}]},{\"@type\":\"WebSite\",\"@id\":\"https:\\\/\\\/clarafruehstueck.com\\\/#website\",\"url\":\"https:\\\/\\\/clarafruehstueck.com\\\/\",\"name\":\"CLARA FR\u00dcHST\u00dcCK\",\"description\":\"&quot;PIANISTIN AUS LEIDENSCHAFT &amp; SPINNERIN MIT LEIB UND SEELE&quot;\",\"publisher\":{\"@id\":\"https:\\\/\\\/clarafruehstueck.com\\\/#organization\"},\"potentialAction\":[{\"@type\":\"SearchAction\",\"target\":{\"@type\":\"EntryPoint\",\"urlTemplate\":\"https:\\\/\\\/clarafruehstueck.com\\\/?s={search_term_string}\"},\"query-input\":{\"@type\":\"PropertyValueSpecification\",\"valueRequired\":true,\"valueName\":\"search_term_string\"}}],\"inLanguage\":\"en-US\"},{\"@type\":\"Organization\",\"@id\":\"https:\\\/\\\/clarafruehstueck.com\\\/#organization\",\"name\":\"Clara Fruehstuec\",\"url\":\"https:\\\/\\\/clarafruehstueck.com\\\/\",\"logo\":{\"@type\":\"ImageObject\",\"inLanguage\":\"en-US\",\"@id\":\"https:\\\/\\\/clarafruehstueck.com\\\/#\\\/schema\\\/logo\\\/image\\\/\",\"url\":\"https:\\\/\\\/clarafruehstueck.com\\\/wp-content\\\/uploads\\\/2021\\\/02\\\/favicon.png\",\"contentUrl\":\"https:\\\/\\\/clarafruehstueck.com\\\/wp-content\\\/uploads\\\/2021\\\/02\\\/favicon.png\",\"width\":50,\"height\":50,\"caption\":\"Clara Fruehstuec\"},\"image\":{\"@id\":\"https:\\\/\\\/clarafruehstueck.com\\\/#\\\/schema\\\/logo\\\/image\\\/\"}}]}<\/script>\n<!-- \/ Yoast SEO plugin. -->","yoast_head_json":{"title":"Team - CLARA FR\u00dcHST\u00dcCK","robots":{"index":"index","follow":"follow","max-snippet":"max-snippet:-1","max-image-preview":"max-image-preview:large","max-video-preview":"max-video-preview:-1"},"canonical":"https:\/\/clarafruehstueck.com\/en\/team-2\/","og_locale":"en_US","og_type":"article","og_title":"Team - CLARA FR\u00dcHST\u00dcCK","og_description":"We came from nothing K\u00fcnstlerische Partner_innen Oliver Welter Komponist \/ S\u00e4nger \/ Naked Lunch Die Winterreise Samuel Schaab Bildende Kunst \/ Elektronik \/ Licht Raue Einstellungsbilder, Unravel Positions, Prepared Beethoven Watch his work Brigitte Wilfing Performance \/ Choreographie \/ Tanz Schwarzer Pilot unravel_positions Zusammenarbeit bei &#8220;Land of the Flats&#8221; von Brigitte Wilfing &amp; Jorge Sanchez [&hellip;]","og_url":"https:\/\/clarafruehstueck.com\/en\/team-2\/","og_site_name":"CLARA FR\u00dcHST\u00dcCK","twitter_card":"summary_large_image","twitter_misc":{"Est. reading time":"3 minutes"},"schema":{"@context":"https:\/\/schema.org","@graph":[{"@type":"WebPage","@id":"https:\/\/clarafruehstueck.com\/en\/team-2\/","url":"https:\/\/clarafruehstueck.com\/en\/team-2\/","name":"Team - CLARA FR\u00dcHST\u00dcCK","isPartOf":{"@id":"https:\/\/clarafruehstueck.com\/#website"},"datePublished":"2021-05-05T15:28:03+00:00","breadcrumb":{"@id":"https:\/\/clarafruehstueck.com\/en\/team-2\/#breadcrumb"},"inLanguage":"en-US","potentialAction":[{"@type":"ReadAction","target":["https:\/\/clarafruehstueck.com\/en\/team-2\/"]}]},{"@type":"BreadcrumbList","@id":"https:\/\/clarafruehstueck.com\/en\/team-2\/#breadcrumb","itemListElement":[{"@type":"ListItem","position":1,"name":"Home","item":"https:\/\/clarafruehstueck.com\/en\/"},{"@type":"ListItem","position":2,"name":"Team"}]},{"@type":"WebSite","@id":"https:\/\/clarafruehstueck.com\/#website","url":"https:\/\/clarafruehstueck.com\/","name":"CLARA FR\u00dcHST\u00dcCK","description":"&quot;PIANISTIN AUS LEIDENSCHAFT &amp; SPINNERIN MIT LEIB UND SEELE&quot;","publisher":{"@id":"https:\/\/clarafruehstueck.com\/#organization"},"potentialAction":[{"@type":"SearchAction","target":{"@type":"EntryPoint","urlTemplate":"https:\/\/clarafruehstueck.com\/?s={search_term_string}"},"query-input":{"@type":"PropertyValueSpecification","valueRequired":true,"valueName":"search_term_string"}}],"inLanguage":"en-US"},{"@type":"Organization","@id":"https:\/\/clarafruehstueck.com\/#organization","name":"Clara Fruehstuec","url":"https:\/\/clarafruehstueck.com\/","logo":{"@type":"ImageObject","inLanguage":"en-US","@id":"https:\/\/clarafruehstueck.com\/#\/schema\/logo\/image\/","url":"https:\/\/clarafruehstueck.com\/wp-content\/uploads\/2021\/02\/favicon.png","contentUrl":"https:\/\/clarafruehstueck.com\/wp-content\/uploads\/2021\/02\/favicon.png","width":50,"height":50,"caption":"Clara Fruehstuec"},"image":{"@id":"https:\/\/clarafruehstueck.com\/#\/schema\/logo\/image\/"}}]}},"_links":{"self":[{"href":"https:\/\/clarafruehstueck.com\/en\/wp-json\/wp\/v2\/pages\/1126","targetHints":{"allow":["GET"]}}],"collection":[{"href":"https:\/\/clarafruehstueck.com\/en\/wp-json\/wp\/v2\/pages"}],"about":[{"href":"https:\/\/clarafruehstueck.com\/en\/wp-json\/wp\/v2\/types\/page"}],"author":[{"embeddable":true,"href":"https:\/\/clarafruehstueck.com\/en\/wp-json\/wp\/v2\/users\/1"}],"replies":[{"embeddable":true,"href":"https:\/\/clarafruehstueck.com\/en\/wp-json\/wp\/v2\/comments?post=1126"}],"version-history":[{"count":1,"href":"https:\/\/clarafruehstueck.com\/en\/wp-json\/wp\/v2\/pages\/1126\/revisions"}],"predecessor-version":[{"id":1127,"href":"https:\/\/clarafruehstueck.com\/en\/wp-json\/wp\/v2\/pages\/1126\/revisions\/1127"}],"wp:attachment":[{"href":"https:\/\/clarafruehstueck.com\/en\/wp-json\/wp\/v2\/media?parent=1126"}],"curies":[{"name":"wp","href":"https:\/\/api.w.org\/{rel}","templated":true}]}}